{"id":2175,"date":"2021-05-04T12:15:08","date_gmt":"2021-05-04T12:15:08","guid":{"rendered":"http:\/\/event.vedubox.com\/?page_id=2175"},"modified":"2021-05-04T12:16:50","modified_gmt":"2021-05-04T12:16:50","slug":"kullanici-ve-gizlilik-sozlesmesi%e2%80%8b","status":"publish","type":"page","link":"https:\/\/event.vedubox.com\/tr\/kullanici-ve-gizlilik-sozlesmesi%e2%80%8b\/","title":{"rendered":"Kullan\u0131c\u0131 ve Gizlilik S\u00f6zle\u015fmesi\u200b"},"content":{"rendered":"\t\t<div data-elementor-type=\"wp-page\" data-elementor-id=\"2175\" class=\"elementor elementor-2175\" data-elementor-post-type=\"page\">\n\t\t\t\t\t\t<section class=\"elementor-section elementor-top-section elementor-element elementor-element-45d8fe8 elementor-section-boxed elementor-section-height-default elementor-section-height-default\" data-id=\"45d8fe8\" data-element_type=\"section\">\n\t\t\t\t\t\t<div class=\"elementor-container elementor-column-gap-default\">\n\t\t\t\t\t<div class=\"elementor-column elementor-col-100 elementor-top-column elementor-element elementor-element-eed4777\" data-id=\"eed4777\" data-element_type=\"column\">\n\t\t\t<div class=\"elementor-widget-wrap\">\n\t\t\t\t\t\t\t<\/div>\n\t\t<\/div>\n\t\t\t\t\t<\/div>\n\t\t<\/section>\n\t\t\t\t<section class=\"elementor-section elementor-top-section elementor-element elementor-element-44352ea7 elementor-section-boxed elementor-section-height-default elementor-section-height-default\" data-id=\"44352ea7\" data-element_type=\"section\">\n\t\t\t\t\t\t<div class=\"elementor-container elementor-column-gap-default\">\n\t\t\t\t\t<div class=\"elementor-column elementor-col-100 elementor-top-column elementor-element elementor-element-3c35e17b\" data-id=\"3c35e17b\" data-element_type=\"column\">\n\t\t\t<div class=\"elementor-widget-wrap elementor-element-populated\">\n\t\t\t\t\t\t<div class=\"elementor-element elementor-element-1723e2de elementor-widget elementor-widget-heading\" data-id=\"1723e2de\" data-element_type=\"widget\" data-widget_type=\"heading.default\">\n\t\t\t\t<div class=\"elementor-widget-container\">\n\t\t\t<h2 class=\"elementor-heading-title elementor-size-default\">Kullan\u0131c\u0131 ve Gizlilik S\u00f6zle\u015fmesi<\/h2>\t\t<\/div>\n\t\t\t\t<\/div>\n\t\t\t\t\t<\/div>\n\t\t<\/div>\n\t\t\t\t\t<\/div>\n\t\t<\/section>\n\t\t\t\t<section class=\"elementor-section elementor-top-section elementor-element elementor-element-5a62d20b elementor-section-boxed elementor-section-height-default elementor-section-height-default\" data-id=\"5a62d20b\" data-element_type=\"section\">\n\t\t\t\t\t\t<div class=\"elementor-container elementor-column-gap-default\">\n\t\t\t\t\t<div class=\"elementor-column elementor-col-100 elementor-top-column elementor-element elementor-element-12d08ee2\" data-id=\"12d08ee2\" data-element_type=\"column\">\n\t\t\t<div class=\"elementor-widget-wrap elementor-element-populated\">\n\t\t\t\t\t\t<div class=\"elementor-element elementor-element-3e09289d elementor-widget elementor-widget-text-editor\" data-id=\"3e09289d\" data-element_type=\"widget\" data-widget_type=\"text-editor.default\">\n\t\t\t\t<div class=\"elementor-widget-container\">\n\t\t\t\t\t\t\t<p>\u0130\u015fbu Gizlilik ve Ki\u015fisel Verilerin Korunmas\u0131 Politikas\u0131, ETG\u0130 GRUP B\u0130L\u0130\u015e\u0130M TEK.YA.DO.B\u0130.M\u0130.M\u00dc.\u0130N.TA.\u0130T.\u0130H.T.LTD.\u015eT\u0130. (Bundan b\u00f6yle k\u0131saca \u201cETG\u0130 GRUP\u201d olarak an\u0131lacakt\u0131r) olarak i\u00e7erik sa\u011flay\u0131c\u0131s\u0131 ve veri sorumlusu oldu\u011fumuz www.vedubox.com adresli internet sitemiz (Bundan b\u00f6yle k\u0131saca \u201cSite\u201d olarak an\u0131lacakt\u0131r) ve sair yollar \u00fczerinden hangi ki\u015fisel verilerin ne \u015fekilde topland\u0131\u011f\u0131, kullan\u0131ld\u0131\u011f\u0131, kimlerle payla\u015f\u0131labilece\u011fi, Kullan\u0131c\u0131lar\u0131n hangi haklara sahip olduklar\u0131, bunlar\u0131 ne \u015fekilde kullanabilecekleri ve \u00e7erezler hakk\u0131nda bilgi vermek amac\u0131yla haz\u0131rlanm\u0131\u015ft\u0131r.<\/p>\n<p>\u0130nternet Sitemizi ziyaret eden, kullanan, \u00fcye olan, eri\u015fen, yorum, bilgi, g\u00f6r\u00fcnt\u00fc, video, resim, foto\u011fraf gibi i\u00e7erik g\u00f6nderen ki\u015fi ve kurulu\u015flar (Bundan b\u00f6yle \u201cKullan\u0131c\u0131\u201d olarak an\u0131lacakt\u0131r) i\u015fbu Gizlilik ve Ki\u015fisel Verilerin Korunmas\u0131 Politikas\u0131\u2019nda yer alan t\u00fcm \u015fartlar\u0131 kabul etmi\u015f bulunmaktad\u0131r.<\/p>\n<p>\u015eirketin, i\u015fbu Gizlilik ve Ki\u015fisel Verilerin Korunmas\u0131 Politikas\u0131\u2019nda yapaca\u011f\u0131 de\u011fi\u015fiklikler ve g\u00fcncellemeler \u0130nternet Sitemizde yay\u0131nland\u0131\u011f\u0131 andan itibaren ge\u00e7erlilik kazanm\u0131\u015f say\u0131l\u0131r. Bu nedenle, \u0130nternet Sitemiz ziyaret edilmeden \u00f6nce i\u015fbu Gizlilik ve Ki\u015fisel Verilerin Korunmas\u0131 Politikas\u0131\u2019n\u0131n Kullan\u0131c\u0131 taraf\u0131ndan g\u00f6zden ge\u00e7irilmesi ve yap\u0131lan de\u011fi\u015fiklik ve\/veya d\u00fczeltmelerin Kullan\u0131c\u0131 taraf\u0131ndan dikkate al\u0131nmas\u0131n\u0131 \u00f6neririz.<\/p>\n<h5>Ki\u015fisel Verilerin Toplanmas\u0131<\/h5>\n<p><b>1.1<\/b>. \u0130nternet Sitemizi g\u00f6r\u00fcnt\u00fclemek ve ziyaret etmek i\u00e7in Kullan\u0131c\u0131n\u0131n ki\u015fisel verilerini payla\u015fmas\u0131 gerekmemektedir. Ancak, Kullan\u0131c\u0131, \u0130nternet Sitemizin sundu\u011fu \u00f6zellikler ve hizmetlerden herhangi birine kat\u0131lmak, yararlanmak veya bunlar\u0131 kullanmak isterse, bu durumda kendisinden \u00e7e\u015fitli ki\u015fisel ve\/veya demografik veriler sa\u011flanmas\u0131 talep edilebilecektir.<\/p>\n<p><b>1.2<\/b>. \u0130\u015fbu Gizlilik ve Ki\u015fisel Verilerin Korunmas\u0131 Politikas\u0131\u2019nda kullan\u0131lan ki\u015fisel veriler terimi; ad-soyad, e-posta adresi, telefon numaras\u0131, do\u011fum tarihi, ya\u015f, cinsiyet ve Kullan\u0131c\u0131n\u0131n sosyal medya hesaplar\u0131yla ba\u011flanmas\u0131 durumunda mezk\u00fbr hesaplar arac\u0131l\u0131\u011f\u0131yla payla\u015f\u0131lmas\u0131na onay verdi\u011fi bilgiler d\u00e2hil olmak \u00fczere ancak bunlarla s\u0131n\u0131rl\u0131 olmamak kayd\u0131yla Kullan\u0131c\u0131y\u0131 do\u011frudan veya dolayl\u0131 olarak tan\u0131mlamaya y\u00f6nelik verileri ifade etmektedir.<\/p>\n<p><b>1.3<\/b>. Kullan\u0131c\u0131n\u0131n, \u015eirket\u2019e iletti\u011fi ki\u015fisel veriler, a\u015fa\u011f\u0131da belirtilen ama\u00e7lar \u00e7er\u00e7evesinde i\u015flenecek olup, hi\u00e7bir durumda \u00f6ng\u00f6r\u00fclen amac\u0131n d\u0131\u015f\u0131nda kullan\u0131lmayacakt\u0131r. Kullan\u0131c\u0131ya ait ki\u015fisel veriler; \u015eirket taraf\u0131ndan daha iyi bir hizmet sa\u011flamak, Kullan\u0131c\u0131n\u0131n sorular\u0131n\u0131 cevaplamak ve etkin bir m\u00fc\u015fteri hizmeti sunmak, gerekti\u011finde temas kurmak, yay\u0131nlar g\u00f6ndermek, elektronik posta ile b\u00fclten g\u00f6ndermek ya da bildirimlerde bulunmak, Kullan\u0131c\u0131 ad\u0131na \u00fcyelik hesab\u0131 olu\u015fturmak, verilen hizmetlerin devam\u0131n\u0131 ve iyile\u015ftirilmesini sa\u011flamak, ihtiya\u00e7 duyuldu\u011funda ge\u00e7mi\u015fe y\u00f6nelik bilgilere yeniden ula\u015fmak, Kullan\u0131c\u0131n\u0131n ilgi alanlar\u0131n\u0131 tan\u0131mlayarak toplanan veriler ile i\u015f geli\u015ftirme, pazarlama, ileti\u015fim gibi operasyonel faaliyetleri y\u00fcr\u00fctmek ve geli\u015ftirmek, Kullan\u0131c\u0131n\u0131n mevcut sosyal a\u011f hesaplar\u0131 ile siteye daha kolay eri\u015fimini sa\u011flamak, Kanun\u2019dan ve sair mevzuattan do\u011fan y\u00fck\u00fcml\u00fcl\u00fcklerimizi yerine getirmek, istatistik\u00ee \u00e7al\u0131\u015fmalar ve pazar ara\u015ft\u0131rmas\u0131 yapmak, veritaban\u0131 olu\u015fturmak gibi ama\u00e7larla i\u015flenebilmektedir.<\/p>\n<p><b>1.4<\/b>. Kullan\u0131c\u0131ya ait ki\u015fisel veriler ile gezinme, trafik bilgileri ve Internet Protokol (IP) adresi; g\u00fcvenlik ve yasalar kar\u015f\u0131s\u0131ndaki y\u00fck\u00fcml\u00fcl\u00fc\u011f\u00fcm\u00fcz\u00fc ifa etmek amac\u0131yla (su\u00e7la m\u00fccadele, devlet ve kamu g\u00fcvenli\u011finin tehdidi benzeri ve fakat bununla s\u0131n\u0131rl\u0131 olmamak \u00fczere yasal veya idari olarak bildirim veya bilgi verme y\u00fck\u00fcml\u00fcl\u00fc\u011f\u00fcm\u00fcz\u00fcn mevcut oldu\u011fu durumlarda) y\u00fcr\u00fcrl\u00fckteki mevzuat uyar\u0131nca yetkili, idari ve resmi makamlardan usul\u00fcne uygun olarak talep gelmesi halinde, ilgili kurum ve kurulu\u015flar ile payla\u015facakt\u0131r.<\/p>\n<p><b>1.5<\/b>. Kullan\u0131c\u0131ya ait ki\u015fisel veriler; ETG\u0130 GRUP veya ETG\u0130 GRUP ad\u0131na veri i\u015fleyen ger\u00e7ek ya da t\u00fczel ki\u015filer taraf\u0131ndan; ileti\u015fim formlar\u0131, t\u00fcketici \u015fik\u00e2yet formlar\u0131, sosyal a\u011flar, internet sitesi, muhtelif s\u00f6zle\u015fmeler, mobil uygulamalar, elektronik posta, ba\u015fvuru formlar\u0131, b\u00fcltenler d\u00e2hil olmak \u00fczere ancak bunlarla s\u0131n\u0131rl\u0131 olmamak kayd\u0131yla benzeri ara\u00e7larla, s\u00f6zl\u00fc, yaz\u0131l\u0131, otomatik ya da otomatik olmayan y\u00f6ntemlerle ya da elektronik olarak toplanabilecektir.<\/p>\n<p><b>1.6<\/b>. Kullan\u0131c\u0131 taraf\u0131ndan verilen bilgilerin do\u011fru ve eksiksiz olmas\u0131 Kullan\u0131c\u0131n\u0131n sorumlulu\u011fundad\u0131r. Yanl\u0131\u015f, yan\u0131lt\u0131c\u0131 veya eksik bilgi verildi\u011fi takdirde; ETG\u0130 GRUP\u2018un hi\u00e7bir sorumlulu\u011fu olmayaca\u011f\u0131 gibi, bu nedenle u\u011fran\u0131lan zarar\u0131 tazmin y\u00fck\u00fcml\u00fcl\u00fc\u011f\u00fc tamamen Kullan\u0131c\u0131ya ait olacakt\u0131r.<\/p>\n<h5>Ki\u015fisel Verilerin Aktar\u0131lmas\u0131<\/h5>\n<p>Kullan\u0131c\u0131ya ait ki\u015fisel veriler, yukar\u0131da say\u0131lan ama\u00e7lar d\u00e2hilinde, y\u00fcr\u00fcrl\u00fckte olan mevzuata uygun olarak, ETG\u0130 GRUP\u2019un do\u011frudan ve\/veya dolayl\u0131 olarak hissedar\u0131 oldu\u011fu t\u00fcm i\u015ftirakleri ve ba\u011fl\u0131 \u015firketleri ile payla\u015f\u0131labilece\u011fi gibi, say\u0131lanlar ile s\u0131n\u0131rl\u0131 olmamak \u00fczere; i\u015f ortaklar\u0131m\u0131za, i\u015f ba\u011flant\u0131lar\u0131m\u0131za, ifa yard\u0131mc\u0131lar\u0131m\u0131za ve alt y\u00fcklenicilerimiz ile sundu\u011fumuz hizmetin amac\u0131 do\u011frultusunda ya da d\u00fczenleyici denetleyici kurumlara ve resmi mercilerle ilgili mevzuat\u0131n \u00f6ng\u00f6rd\u00fc\u011f\u00fc durumlarda yurt i\u00e7inde ve\/veya yurt d\u0131\u015f\u0131na aktar\u0131labilecektir. Kullan\u0131c\u0131, ki\u015fisel verilerinin yukar\u0131da belirtilen \u015fekilde aktar\u0131lmas\u0131na onay verdi\u011fini kabul ve beyan etmektedir.<\/p>\n<h5>Ki\u015fisel Veri Sahibinin Haklar\u0131<\/h5>\n<p><b>3.1<\/b>. Ki\u015fisel Verilerin Korunmas\u0131 Kanunu ve y\u00fcr\u00fcrl\u00fckte bulunan di\u011fer mevzuat kapsam\u0131nda Kullan\u0131c\u0131;<\/p>\n<p>a) Ki\u015fisel verilerinin i\u015flenip i\u015flenmedi\u011fini \u00f6\u011frenme,<br>b) Ki\u015fisel verileri i\u015flenmi\u015fse buna ili\u015fkin bilgi talep etme,<br>c) Ki\u015fisel verilerin i\u015flenme amac\u0131n\u0131 ve bunlar\u0131n amac\u0131na uygun kullan\u0131l\u0131p kullan\u0131lmad\u0131\u011f\u0131n\u0131 \u00f6\u011frenme,<br>d) Yurt i\u00e7inde veya yurt d\u0131\u015f\u0131nda ki\u015fisel verilerin aktar\u0131ld\u0131\u011f\u0131 \u00fc\u00e7\u00fcnc\u00fc ki\u015fileri bilme,<br>e) Ki\u015fisel verilerin eksik veya yanl\u0131\u015f i\u015flenmi\u015f olmas\u0131 h\u00e2linde bunlar\u0131n d\u00fczeltilmesini isteme ve bu \u00e7er\u00e7evede yap\u0131lan i\u015flemin ki\u015fisel verilerin aktar\u0131ld\u0131\u011f\u0131 \u00fc\u00e7\u00fcnc\u00fc ki\u015filere bildirilmesini talep etme,<br>f) Ki\u015fisel Verilerin Korunmas\u0131 Kanunu\u2019na ve ilgili di\u011fer kanun h\u00fck\u00fcmlerine uygun olarak i\u015flenmi\u015f olmas\u0131na ra\u011fmen, i\u015flenmesini gerektiren sebeplerin ortadan kalkmas\u0131 h\u00e2linde ki\u015fisel verilerin silinmesini, yok edilmesini veya anonim hale getirilmesini isteme ve bu kapsamda yap\u0131lan i\u015flemin ki\u015fisel verilerin aktar\u0131ld\u0131\u011f\u0131 \u00fc\u00e7\u00fcnc\u00fc ki\u015filere bildirilmesini isteme,<br>g) \u0130\u015flenen verilerin m\u00fcnhas\u0131ran otomatik sistemler vas\u0131tas\u0131yla analiz edilmesi suretiyle ki\u015finin kendisi aleyhine bir sonucun ortaya \u00e7\u0131kmas\u0131na itiraz etme,<br>h) Ki\u015fisel verilerin kanuna ayk\u0131r\u0131 olarak i\u015flenmesi sebebiyle zarara u\u011framas\u0131 h\u00e2linde zarar\u0131n giderilmesini talep etme haklar\u0131na sahiptir.<\/p>\n<p><b>3.2<\/b>. Kullan\u0131c\u0131, bu haklar\u0131n\u0131;<\/p>\n<p>\u2013 Islak imzas\u0131n\u0131 ta\u015f\u0131yan bir dilek\u00e7eyi, ETG\u0130 GRUP\u2018un \u201cHacettepe Teknokent 4.Arge Binas\u0131 \u00dcniversiteler Mah.1596.Cadde No:95\/55 Beytepe 06800 \u00c7ANKAYA \/ ANKARA\u201d adresine iadeli taahh\u00fctl\u00fc posta yoluyla g\u00f6ndererek veya,<\/p>\n<p>\u2013 Ki\u015fisel Verileri Koruma Kurulu taraf\u0131ndan ayr\u0131 bir y\u00f6ntem duyurulmas\u0131 halinde bu y\u00f6nteme uygun olarak kullanabilir. Kullan\u0131c\u0131n\u0131n yukar\u0131da belirtilen haklar\u0131n\u0131 kullanmak i\u00e7in yapaca\u011f\u0131 ba\u015fvuruda; talebinin a\u00e7\u0131k ve anla\u015f\u0131l\u0131r olmas\u0131, talep etti\u011fi konunun \u015fahs\u0131 ile ilgili olmas\u0131; \u015fayet temsilcisi taraf\u0131ndan ba\u015fvuruda bulunulacak ise bu durumda temsil yetkisinin belgelendirilmesi, ba\u015fvuran Kullan\u0131c\u0131n\u0131n kimlik ve adres bilgilerine yer verilmesi ve ba\u015fvuruya Kullan\u0131c\u0131n\u0131n kimli\u011fini tevsik eden belgelerin eklenmesi gerekmektedir.<\/p>\n<p><b>3.3<\/b>. Kullan\u0131c\u0131, ki\u015fisel bilgilerini ve ileti\u015fim tercihlerini de\u011fi\u015ftirmek veya g\u00fcncellemek i\u00e7in bu konudaki taleplerini yukar\u0131da izah edilen \u015fekilde veya bilgi@etgigrup.com adresine g\u00f6nderece\u011fi e-posta ile \u015eirket\u2019e iletmelidir. Kullan\u0131c\u0131n\u0131n talebi en k\u0131sa s\u00fcrede de\u011ferlendirilerek gere\u011fi yap\u0131lacakt\u0131r.<\/p>\n<h5>Sosyal Medya Eklentilerinin Kullan\u0131m\u0131<\/h5>\n<p><b>4.1<\/b>. \u0130nternet Sitemizde Kullan\u0131c\u0131n\u0131n, internet sayfalar\u0131n\u0131 payla\u015fabilmesi veya i\u015faretleyebilmesi i\u00e7in sosyal medya butonlar\u0131 kullan\u0131lmaktad\u0131r. \u0130nternet Sitemizde bu gibi eklentileri i\u00e7eren bir sayfa Kullan\u0131c\u0131 taraf\u0131ndan ziyaret edildi\u011finde ba\u015flang\u0131\u00e7ta sosyal medya butonlar\u0131 etkisizdir; s\u00f6z konusu butonlardan birine Kullan\u0131c\u0131 taraf\u0131ndan t\u0131klanmad\u0131\u011f\u0131 s\u00fcrece eklentiler etkili hale gelmezler. Kullan\u0131c\u0131, eklentileri etkili hale getirerek, ilgili sosyal medya uygulamalar\u0131 ile ba\u011flant\u0131 kurmu\u015f olur ve e\u011fer s\u00f6z konusu sosyal medya sitelerinde Kullan\u0131c\u0131n\u0131n oturumu a\u00e7\u0131ksa, bu ziyareti ilgili sosyal medya siteleri taraf\u0131ndan Kullan\u0131c\u0131n\u0131n hesab\u0131 ile ili\u015fkilendirilebilir ve Kullan\u0131c\u0131n\u0131n bilgileri s\u00f6z konusu sosyal medya siteleri taraf\u0131ndan kaydedilebilir. Kullan\u0131c\u0131, sosyal medya sitelerinde sahip oldu\u011fu hesab\u0131 ile, \u0130nternet Sitemize ger\u00e7ekle\u015ftirdi\u011fi ziyareti aras\u0131nda ba\u011flant\u0131 kurulmas\u0131n\u0131 engellemek i\u00e7in, \u0130nternet Sitemize eri\u015fmeden \u00f6nce ilgili sosyal medya hesaplar\u0131nda oturumunu kapatmas\u0131 gerekmektedir.<\/p>\n<p><b>4.2<\/b>. Sosyal medya siteleri ve di\u011fer \u00fc\u00e7\u00fcnc\u00fc taraf internet siteleri kontrol\u00fcm\u00fcz d\u0131\u015f\u0131nda olup, i\u015fbu Gizlilik ve Ki\u015fisel Verilerin Korunmas\u0131 Politikas\u0131 kapsam\u0131nda de\u011fildir. S\u00f6z konusu sosyal medya sitelerinin ve di\u011fer internet sitelerinin faaliyetleri, gizlilik politikalar\u0131 veya gizlilik uyum seviyeleri hususunda hi\u00e7bir sorumlulu\u011fumuz bulunmamaktad\u0131r. Bu nedenle, s\u00f6z konusu internet sitelerinin Kullan\u0131c\u0131lar ile ilgili bilgileri nas\u0131l toplad\u0131klar\u0131n\u0131 ve kulland\u0131klar\u0131n\u0131, bunun nas\u0131l engellenebilece\u011fi ya da bilgilerin nas\u0131l silinebilece\u011fini \u00f6\u011frenmek i\u00e7in ilgili sitelerin kullan\u0131m ko\u015fullar\u0131n\u0131n ve gizlilik politikalar\u0131n\u0131n Kullan\u0131c\u0131 taraf\u0131ndan incelenmesi gerekmektedir.<\/p>\n<h5>\u00c7erez (Cookie) Kullan\u0131m\u0131<\/h5>\n<p><b>5.1<\/b>. \u0130nternet Sitemizde, sitemizin kullan\u0131m\u0131n\u0131 kolayla\u015ft\u0131rmak ve \u00f6zelle\u015ftirmek amac\u0131yla \u00e7erezler kullanmaktay\u0131z. \u00c7erezler, Kullan\u0131c\u0131n\u0131n taray\u0131c\u0131s\u0131 taraf\u0131ndan bilgisayar\u0131n\u0131n sabit s\u00fcr\u00fcc\u00fcs\u00fcne yerle\u015ftirilen k\u00fc\u00e7\u00fck metin dosyalar\u0131d\u0131r. Kullan\u0131c\u0131, \u0130nternet Sitemizi her ziyaret etti\u011finde, Kullan\u0131c\u0131n\u0131n internet taray\u0131c\u0131s\u0131, \u00e7erezleri \u0130nternet Sitemize g\u00f6nderir; b\u00f6ylece \u0130nternet Sitemiz Kullan\u0131c\u0131y\u0131 tan\u0131r ve Kullan\u0131c\u0131 tercihleri gibi bilgilerini hat\u0131rlar. Kulland\u0131\u011f\u0131m\u0131z \u00e7erezler ki\u015fisel veri saklamaz yani anonimdir.<\/p>\n<p><b>5.2<\/b>. Kullan\u0131c\u0131 internet taray\u0131c\u0131s\u0131n\u0131, \u00e7erezleri kabul etmeden \u00f6nce kendisini uyaracak \u015fekilde veya basit\u00e7e t\u00fcm \u00e7erezleri reddedecek \u015fekilde ayarlayabilir; fakat \u00e7erezler kabul edilmedi\u011fi takdirde \u0130nternet Sitemizin t\u00fcm \u00f6zelliklerine eri\u015fmek m\u00fcmk\u00fcn olmayabilir. Kullan\u0131c\u0131, bu ayarlar\u0131n nas\u0131l yap\u0131laca\u011f\u0131n\u0131 \u00f6\u011frenmek i\u00e7in internet taray\u0131c\u0131s\u0131n\u0131n \u201cyard\u0131m\u201d d\u00fc\u011fmesine t\u0131klayarak gerekli de\u011fi\u015fiklikleri yapabilecektir. Kullan\u0131c\u0131, \u00e7erez ayarlar\u0131n\u0131 de\u011fi\u015ftirmedi\u011fi s\u00fcrece \u0130\u015fbu Gizlilik ve Ki\u015fisel Verilerin Korunmas\u0131 Politikas\u0131na uygun \u015fekilde \u00e7erez kullan\u0131m\u0131na a\u00e7\u0131k onay verdi\u011fi kabul edilir.<\/p>\n<h5>Ticari \u0130letiler<\/h5>\n<p><b>6.1<\/b>. Kullan\u0131c\u0131n\u0131n; ki\u015fisel verilerinin kendisine \u00e7e\u015fitli avantajlar\u0131n sa\u011flan\u0131p sunulabilmesi ve kendisine \u00f6zel tan\u0131t\u0131m, promosyon, reklam, sat\u0131\u015f, pazarlama, anket ve benzer ama\u00e7l\u0131 her t\u00fcrl\u00fc elektronik ileti\u015fimin yap\u0131lmas\u0131 ve her t\u00fcrl\u00fc ileti\u015fim mesajlar\u0131n\u0131n g\u00f6nderilmesi amac\u0131yla; toplanmas\u0131na, saklanmas\u0131na, i\u015flenmesine, kullan\u0131lmas\u0131na ve yukar\u0131da belirtilen 3. ki\u015filere yurt i\u00e7inde ve yurt d\u0131\u015f\u0131nda aktar\u0131lmas\u0131na izin verdi\u011fi kabul edilecektir.<\/p>\n<p><b>6.2<\/b>. Kullan\u0131c\u0131, \u015eirket taraf\u0131ndan kendisine b\u00fclten, duyuru, ticari ileti veya di\u011fer bildiri ve\/veya mesaj g\u00f6nderilmesini istemiyorsa, bu durumda \u0130nternet Sitesi\u2019ne \u00fcye olurken bu bildiriler veya hizmetler i\u00e7in bir talep belirtmemelidir. Ancak, Kullan\u0131c\u0131 \u0130nternet Sitesi\u2019ne \u00fcye olurken, s\u00f6z konusu ileti veya bildirilerin taraf\u0131na g\u00f6nderilmesine onay verdiyse ve\/veya ETG\u0130 GRUP e-b\u00fclten\u2019e \u00fcye olduysa bu durumda kendisiyle her t\u00fcrl\u00fc elektronik ileti\u015fim yap\u0131lmas\u0131 ve di\u011fer ileti\u015fim mesajlar\u0131n\u0131n taraf\u0131na g\u00f6nderilmesine r\u0131za vermi\u015f say\u0131lacakt\u0131r.<\/p>\n<p><b>6.3<\/b>. ETG\u0130 GRUP e-b\u00fclten\u2019e \u00fcye olan Kullan\u0131c\u0131ya g\u00f6nderilen e-postalarda, gelecekteki bildirileri almama opsiyonu sunulmaktad\u0131r. \u015eayet Kullan\u0131c\u0131, kendisine b\u00fclten g\u00f6nderilmesi i\u00e7in verdi\u011fi onay\u0131 kald\u0131rmak isterse, bu durumda kendisine g\u00f6nderilen e-postada belirtilen talimatlar\u0131 takip ederek bu konudaki tercihlerini de\u011fi\u015ftirebilecektir.<\/p>\n<h5>Uygulanacak Hukuk ve Yetkili Mahkeme<\/h5>\n<p>\u0130\u015fbu Gizlilik ve Ki\u015fisel Verilerin Korunmas\u0131 Politikas\u0131\u2019n\u0131n yorumlanmas\u0131nda, uygulanmas\u0131nda ve Kullan\u0131c\u0131 ile \u015eirket aras\u0131nda \u00e7\u0131kabilecek uyu\u015fmazl\u0131klar\u0131n \u00e7\u00f6z\u00fcm\u00fcnde T\u00fcrk Hukuku uygulanacak olup, \u0130\u015fbu Gizlilik ve Ki\u015fisel Verilerin Korunmas\u0131 Politikas\u0131\u2019ndan do\u011fabilecek her t\u00fcrl\u00fc uyu\u015fmazl\u0131\u011f\u0131n \u00e7\u00f6z\u00fcm\u00fcnde Ankara Merkez Mahkemeleri yetkilidir.<\/p>\t\t\t\t\t\t<\/div>\n\t\t\t\t<\/div>\n\t\t\t\t\t<\/div>\n\t\t<\/div>\n\t\t\t\t\t<\/div>\n\t\t<\/section>\n\t\t\t\t<\/div>\n\t\t","protected":false},"excerpt":{"rendered":"<p>Kullan\u0131c\u0131 ve Gizlilik S\u00f6zle\u015fmesi \u0130\u015fbu Gizlilik ve Ki\u015fisel Verilerin Korunmas\u0131 Politikas\u0131, ETG\u0130 GRUP B\u0130L\u0130\u015e\u0130M TEK.YA.DO.B\u0130.M\u0130.M\u00dc.\u0130N.TA.\u0130T.\u0130H.T.LTD.\u015eT\u0130. (Bundan b\u00f6yle k\u0131saca \u201cETG\u0130 GRUP\u201d olarak an\u0131lacakt\u0131r) olarak i\u00e7erik sa\u011flay\u0131c\u0131s\u0131 ve veri sorumlusu oldu\u011fumuz www.vedubox.com adresli internet sitemiz (Bundan b\u00f6yle k\u0131saca \u201cSite\u201d olarak an\u0131lacakt\u0131r) ve sair yollar \u00fczerinden hangi ki\u015fisel verilerin ne \u015fekilde topland\u0131\u011f\u0131, kullan\u0131ld\u0131\u011f\u0131, kimlerle payla\u015f\u0131labilece\u011fi, Kullan\u0131c\u0131lar\u0131n hangi haklara [&hellip;]<\/p>\n","protected":false},"author":2,"featured_media":0,"parent":0,"menu_order":0,"comment_status":"closed","ping_status":"closed","template":"elementor_header_footer","meta":{"content-type":"","footnotes":""},"_links":{"self":[{"href":"https:\/\/event.vedubox.com\/tr\/wp-json\/wp\/v2\/pages\/2175"}],"collection":[{"href":"https:\/\/event.vedubox.com\/tr\/wp-json\/wp\/v2\/pages"}],"about":[{"href":"https:\/\/event.vedubox.com\/tr\/wp-json\/wp\/v2\/types\/page"}],"author":[{"embeddable":true,"href":"https:\/\/event.vedubox.com\/tr\/wp-json\/wp\/v2\/users\/2"}],"replies":[{"embeddable":true,"href":"https:\/\/event.vedubox.com\/tr\/wp-json\/wp\/v2\/comments?post=2175"}],"version-history":[{"count":4,"href":"https:\/\/event.vedubox.com\/tr\/wp-json\/wp\/v2\/pages\/2175\/revisions"}],"predecessor-version":[{"id":2181,"href":"https:\/\/event.vedubox.com\/tr\/wp-json\/wp\/v2\/pages\/2175\/revisions\/2181"}],"wp:attachment":[{"href":"https:\/\/event.vedubox.com\/tr\/wp-json\/wp\/v2\/media?parent=2175"}],"curies":[{"name":"wp","href":"https:\/\/api.w.org\/{rel}","templated":true}]}}