{"id":2189,"date":"2021-05-04T12:18:03","date_gmt":"2021-05-04T12:18:03","guid":{"rendered":"http:\/\/event.vedubox.com\/?page_id=2189"},"modified":"2021-05-04T12:19:35","modified_gmt":"2021-05-04T12:19:35","slug":"mesafeli-satis-sozlesmesi","status":"publish","type":"page","link":"https:\/\/event.vedubox.com\/tr\/mesafeli-satis-sozlesmesi\/","title":{"rendered":"Mesafeli Sat\u0131\u015f S\u00f6zle\u015fmesi"},"content":{"rendered":"\t\t<div data-elementor-type=\"wp-page\" data-elementor-id=\"2189\" class=\"elementor elementor-2189\" data-elementor-post-type=\"page\">\n\t\t\t\t\t\t<section class=\"elementor-section elementor-top-section elementor-element elementor-element-45d8fe8 elementor-section-boxed elementor-section-height-default elementor-section-height-default\" data-id=\"45d8fe8\" data-element_type=\"section\">\n\t\t\t\t\t\t<div class=\"elementor-container elementor-column-gap-default\">\n\t\t\t\t\t<div class=\"elementor-column elementor-col-100 elementor-top-column elementor-element elementor-element-eed4777\" data-id=\"eed4777\" data-element_type=\"column\">\n\t\t\t<div class=\"elementor-widget-wrap\">\n\t\t\t\t\t\t\t<\/div>\n\t\t<\/div>\n\t\t\t\t\t<\/div>\n\t\t<\/section>\n\t\t\t\t<section class=\"elementor-section elementor-top-section elementor-element elementor-element-363bb229 elementor-section-boxed elementor-section-height-default elementor-section-height-default\" data-id=\"363bb229\" data-element_type=\"section\">\n\t\t\t\t\t\t<div class=\"elementor-container elementor-column-gap-default\">\n\t\t\t\t\t<div class=\"elementor-column elementor-col-100 elementor-top-column elementor-element elementor-element-2beb657c\" data-id=\"2beb657c\" data-element_type=\"column\">\n\t\t\t<div class=\"elementor-widget-wrap elementor-element-populated\">\n\t\t\t\t\t\t<div class=\"elementor-element elementor-element-219b7df3 elementor-widget elementor-widget-heading\" data-id=\"219b7df3\" data-element_type=\"widget\" data-widget_type=\"heading.default\">\n\t\t\t\t<div class=\"elementor-widget-container\">\n\t\t\t<h2 class=\"elementor-heading-title elementor-size-default\">Mesafeli Sat\u0131\u015f S\u00f6zle\u015fmesi<\/h2>\t\t<\/div>\n\t\t\t\t<\/div>\n\t\t\t\t\t<\/div>\n\t\t<\/div>\n\t\t\t\t\t<\/div>\n\t\t<\/section>\n\t\t\t\t<section class=\"elementor-section elementor-top-section elementor-element elementor-element-2e280786 elementor-section-boxed elementor-section-height-default elementor-section-height-default\" data-id=\"2e280786\" data-element_type=\"section\">\n\t\t\t\t\t\t<div class=\"elementor-container elementor-column-gap-default\">\n\t\t\t\t\t<div class=\"elementor-column elementor-col-100 elementor-top-column elementor-element elementor-element-eb6bc2d\" data-id=\"eb6bc2d\" data-element_type=\"column\">\n\t\t\t<div class=\"elementor-widget-wrap elementor-element-populated\">\n\t\t\t\t\t\t<div class=\"elementor-element elementor-element-3d157082 elementor-widget elementor-widget-text-editor\" data-id=\"3d157082\" data-element_type=\"widget\" data-widget_type=\"text-editor.default\">\n\t\t\t\t<div class=\"elementor-widget-container\">\n\t\t\t\t\t\t\t<h5>Mesafeli Sat\u0131\u015f Ko\u015fullar\u0131<\/h5>\n<p>\u0130\u015fbu s\u00f6zle\u015fme 13.06.2003 tarih ve 25137 say\u0131l\u0131 Resmi Gazetede yay\u0131nlanan Mesafeli S\u00f6zle\u015fmeler Uygulama Usul ve Esaslar\u0131 Hakk\u0131nda Y\u00f6netmelik gere\u011fi internet \u00fczerinden ger\u00e7ekle\u015ftiren sat\u0131\u015flar i\u00e7in s\u00f6zle\u015fme yap\u0131lmas\u0131 zorunlulu\u011funa istinaden d\u00fczenlenmi\u015f olup, maddeler halinde a\u015fa\u011f\u0131daki gibidir.<\/p>\n<h5>Madde 1 \u2013 Konu<\/h5>\n<p>\u0130\u015fbu s\u00f6zle\u015fmenin konusu, SATICI\u2018n\u0131n, ALICI\u2018ya sat\u0131\u015f\u0131n\u0131 yapt\u0131\u011f\u0131, a\u015fa\u011f\u0131da nitelikleri ve sat\u0131\u015f fiyat\u0131 belirtilen hizmetin sat\u0131\u015f\u0131 ve teslimi ile ilgili olarak 4077 say\u0131l\u0131 T\u00fcketicilerin Korunmas\u0131 Hakk\u0131ndaki Kanun-Mesafeli S\u00f6zle\u015fmeleri Uygulama Esas ve Usulleri Hakk\u0131nda Y\u00f6netmelik h\u00fck\u00fcmleri gere\u011fince taraflar\u0131n hak ve y\u00fck\u00fcml\u00fcl\u00fcklerinin kapsamaktad\u0131r.<\/p>\n<h5>Madde 2.1 \u2013 Sat\u0131c\u0131 Bilgileri<\/h5>\n<p><b>\u00dcnvan<\/b>: ETGI GRUP BILISIM TEK.YA.DO.BI.MI.M\u00dc.IN.TA.IT.IH.T.LTD.STI. (Bundan sonra ETG\u0130 GRUP olarak an\u0131lacakt\u0131r)<\/p>\n<p><b>Adres<\/b>: \u00dcniversiteler Mah.1596.Cadde No:95\/55 Beytepe 06800 \u00c7ANKAYA \/ ANKARA<\/p>\n<p><b>Telefon<\/b>: 0312 344 88 83<\/p>\n<p><b>E-posta<\/b>: bilgi@etgigrup.com<\/p>\n<h5>Madde 2.2 \u2013 Al\u0131c\u0131 Bilgileri<\/h5>\n<p>M\u00fc\u015fteri olarak www.vedubox.com sitesinden \u00f6deme yapan ki\u015fi, \u00f6deme yaparken kullan\u0131lan adres ve ileti\u015fim bilgileri esas al\u0131n\u0131r.<\/p>\n<p><b>Madde 3 \u2013 S\u00f6zle\u015fme Konusu Hizmet Bilgileri<\/b><\/p>\n<p>Hizmetin t\u00fcr\u00fc, sat\u0131\u015f bedeli ve \u00f6deme \u015fekli sat\u0131n alma s\u00fcrecinin sonland\u0131\u011f\u0131 andaki bilgilerden olu\u015fmaktad\u0131r.<\/p>\n<p><b>Madde 4 \u2013 Genel H\u00fck\u00fcmler<\/b><\/p>\n<p><b>4.1 <\/b>\u2013 ALICI, Madde 3\u2032te belirtilen s\u00f6zle\u015fme konusu hizmetin temel nitelikleri, sat\u0131\u015f fiyat\u0131 ve \u00f6deme \u015fekli ile teslimata ili\u015fkin t\u00fcm \u00f6n bilgileri okuyup bilgi sahibi oldu\u011funu ve elektronik ortamda gerekli teyidi verdi\u011fini beyan eder.<\/p>\n<p><b>4.2 <\/b>\u2013 S\u00f6zle\u015fme konusu hizmet, ALICI\u2019n\u0131n ald\u0131\u011f\u0131 hizmet t\u00fcr\u00fcne g\u00f6re ya yasal 30 g\u00fcnl\u00fck s\u00fcreyi a\u015fmamak ko\u015fulu ile ALICI\u2018n\u0131n \u00f6deme s\u0131ras\u0131nda kay\u0131t etti\u011fi e-posta adresine a\u00e7\u0131klanan s\u00fcre i\u00e7inde g\u00f6nderilir.<\/p>\n<p><b>4.3 <\/b>\u2013 S\u00f6zle\u015fme konusu hizmet, ALICI\u2018n\u0131n \u00f6deme s\u0131ras\u0131nda kay\u0131t etti\u011fi e-posta adresinden kaynaklanan sorunlar nedeni ile teslim edilememesinden ETG\u0130 GRUP sorumlu tutulamaz.<\/p>\n<p><b>4.4 <\/b>\u2013 S\u00f6zle\u015fme konusu hizmetin teslimat\u0131 i\u00e7in i\u015fbu s\u00f6zle\u015fmenin kabul edildi\u011fine dair onay\u0131n www.vedubox.com internet sitesinde verilmesi ve bedelinin ALICI\u2018n\u0131n tercih etti\u011fi \u00f6deme \u015fekli ile \u00f6denmi\u015f olmas\u0131 \u015fartt\u0131r. Herhangi bir nedenle hizmet bedeli \u00f6denmez veya banka kay\u0131tlar\u0131nda iptal edilir ise, ETG\u0130 GRUP \u00fcr\u00fcn\u00fcn teslimi y\u00fck\u00fcml\u00fcl\u00fc\u011f\u00fcnden kurtulmu\u015f kabul edilir.<\/p>\n<p><b>4.5 <\/b>\u2013 ETG\u0130 GRUP m\u00fccbir sebepler nedeni ile s\u00f6zle\u015fme konusu hizmeti s\u00fcresi i\u00e7inde teslim edemez ise, durumu ALICI\u2018ya bildirmekle y\u00fck\u00fcml\u00fcd\u00fcr. Bu takdirde ALICI sipari\u015fin iptal edilmesi hakk\u0131n\u0131 kullanabilir. ALICI\u2018n\u0131n sipari\u015fi iptal etmesi halinde \u00f6dedi\u011fi tutar 10 g\u00fcn i\u00e7inde kendisine nakten ve defaten \u00f6denir.<\/p>\n<h5>Madde 5 \u2013 Cayma Hakk\u0131<\/h5>\n<p>ALICI, s\u00f6zle\u015fme konusu hizmetin kendisine veya g\u00f6sterdi\u011fi adresteki ki\u015fi\/kurulu\u015fa tesliminden itibaren \u00fc\u00e7 g\u00fcn i\u00e7inde cayma hakk\u0131na sahiptir. Cayma hakk\u0131n\u0131n kullan\u0131lmas\u0131 i\u00e7in bu s\u00fcre i\u00e7inde ETG\u0130 GRUP\u2019a e-posta ile bildirimde bulunulmas\u0131 \u015fartt\u0131r. Bu belgelerin ula\u015fmas\u0131n\u0131 takip eden yedi g\u00fcn i\u00e7inde \u00fcr\u00fcn bedeli ALICI\u2018ya iade edilir.<\/p>\n<p>\u00d6demenin kredi kart\u0131 veya benzeri bir \u00f6deme kart\u0131 ile yap\u0131lmas\u0131 halinde ALICI, kart\u0131n kendi r\u0131zas\u0131 d\u0131\u015f\u0131nda ve hukuka ayk\u0131r\u0131 bi\u00e7imde kullan\u0131ld\u0131\u011f\u0131 gerek\u00e7esiyle \u00f6deme i\u015fleminin iptal edilmesini talep edebilir. Bu halde, kart\u0131 \u00e7\u0131karan kurulu\u015f itiraz\u0131n kendisine bildirilmesinden itibaren 10 g\u00fcn i\u00e7inde \u00f6deme tutar\u0131n\u0131 ALICI\u2019ya iade eder.<\/p>\n<p>\u0130\u015fbu s\u00f6zle\u015fmenin uygulanmas\u0131nda, Sanayi ve Ticaret Bakanl\u0131\u011f\u0131nca ilan edilen de\u011fere kadar T\u00fcketici Hakem Heyetleri ile ETG\u0130 GRUP\u2019un yerle\u015fim yerindeki T\u00fcketici Mahkemeleri yetkilidir.<\/p>\n<p>Sipari\u015fin sonu\u00e7lanmas\u0131 durumunda ALICI i\u015fbu s\u00f6zle\u015fmenin t\u00fcm ko\u015fullar\u0131n\u0131 kabul etmi\u015f say\u0131lacakt\u0131r.<\/p>\t\t\t\t\t\t<\/div>\n\t\t\t\t<\/div>\n\t\t\t\t\t<\/div>\n\t\t<\/div>\n\t\t\t\t\t<\/div>\n\t\t<\/section>\n\t\t\t\t<\/div>\n\t\t","protected":false},"excerpt":{"rendered":"<p>Mesafeli Sat\u0131\u015f S\u00f6zle\u015fmesi Mesafeli Sat\u0131\u015f Ko\u015fullar\u0131 \u0130\u015fbu s\u00f6zle\u015fme 13.06.2003 tarih ve 25137 say\u0131l\u0131 Resmi Gazetede yay\u0131nlanan Mesafeli S\u00f6zle\u015fmeler Uygulama Usul ve Esaslar\u0131 Hakk\u0131nda Y\u00f6netmelik gere\u011fi internet \u00fczerinden ger\u00e7ekle\u015ftiren sat\u0131\u015flar i\u00e7in s\u00f6zle\u015fme yap\u0131lmas\u0131 zorunlulu\u011funa istinaden d\u00fczenlenmi\u015f olup, maddeler halinde a\u015fa\u011f\u0131daki gibidir. Madde 1 \u2013 Konu \u0130\u015fbu s\u00f6zle\u015fmenin konusu, SATICI\u2018n\u0131n, ALICI\u2018ya sat\u0131\u015f\u0131n\u0131 yapt\u0131\u011f\u0131, a\u015fa\u011f\u0131da nitelikleri ve sat\u0131\u015f [&hellip;]<\/p>\n","protected":false},"author":2,"featured_media":0,"parent":0,"menu_order":0,"comment_status":"closed","ping_status":"closed","template":"elementor_header_footer","meta":{"content-type":"","footnotes":""},"_links":{"self":[{"href":"https:\/\/event.vedubox.com\/tr\/wp-json\/wp\/v2\/pages\/2189"}],"collection":[{"href":"https:\/\/event.vedubox.com\/tr\/wp-json\/wp\/v2\/pages"}],"about":[{"href":"https:\/\/event.vedubox.com\/tr\/wp-json\/wp\/v2\/types\/page"}],"author":[{"embeddable":true,"href":"https:\/\/event.vedubox.com\/tr\/wp-json\/wp\/v2\/users\/2"}],"replies":[{"embeddable":true,"href":"https:\/\/event.vedubox.com\/tr\/wp-json\/wp\/v2\/comments?post=2189"}],"version-history":[{"count":4,"href":"https:\/\/event.vedubox.com\/tr\/wp-json\/wp\/v2\/pages\/2189\/revisions"}],"predecessor-version":[{"id":2197,"href":"https:\/\/event.vedubox.com\/tr\/wp-json\/wp\/v2\/pages\/2189\/revisions\/2197"}],"wp:attachment":[{"href":"https:\/\/event.vedubox.com\/tr\/wp-json\/wp\/v2\/media?parent=2189"}],"curies":[{"name":"wp","href":"https:\/\/api.w.org\/{rel}","templated":true}]}}