{"id":2199,"date":"2021-05-04T12:22:59","date_gmt":"2021-05-04T12:22:59","guid":{"rendered":"http:\/\/event.vedubox.com\/?page_id=2199"},"modified":"2021-05-04T12:23:39","modified_gmt":"2021-05-04T12:23:39","slug":"garanti-iptal-ve-iade-kosullari","status":"publish","type":"page","link":"https:\/\/event.vedubox.com\/tr\/garanti-iptal-ve-iade-kosullari\/","title":{"rendered":"Garanti, \u0130ptal ve \u0130ade Ko\u015fullar\u0131"},"content":{"rendered":"\t\t<div data-elementor-type=\"wp-page\" data-elementor-id=\"2199\" class=\"elementor elementor-2199\" data-elementor-post-type=\"page\">\n\t\t\t\t\t\t<section class=\"elementor-section elementor-top-section elementor-element elementor-element-45d8fe8 elementor-section-boxed elementor-section-height-default elementor-section-height-default\" data-id=\"45d8fe8\" data-element_type=\"section\">\n\t\t\t\t\t\t<div class=\"elementor-container elementor-column-gap-default\">\n\t\t\t\t\t<div class=\"elementor-column elementor-col-100 elementor-top-column elementor-element elementor-element-eed4777\" data-id=\"eed4777\" data-element_type=\"column\">\n\t\t\t<div class=\"elementor-widget-wrap\">\n\t\t\t\t\t\t\t<\/div>\n\t\t<\/div>\n\t\t\t\t\t<\/div>\n\t\t<\/section>\n\t\t\t\t<section class=\"elementor-section elementor-top-section elementor-element elementor-element-72ad64df elementor-section-boxed elementor-section-height-default elementor-section-height-default\" data-id=\"72ad64df\" data-element_type=\"section\">\n\t\t\t\t\t\t<div class=\"elementor-container elementor-column-gap-default\">\n\t\t\t\t\t<div class=\"elementor-column elementor-col-100 elementor-top-column elementor-element elementor-element-6aa09715\" data-id=\"6aa09715\" data-element_type=\"column\">\n\t\t\t<div class=\"elementor-widget-wrap elementor-element-populated\">\n\t\t\t\t\t\t<div class=\"elementor-element elementor-element-2c6af64a elementor-widget elementor-widget-heading\" data-id=\"2c6af64a\" data-element_type=\"widget\" data-widget_type=\"heading.default\">\n\t\t\t\t<div class=\"elementor-widget-container\">\n\t\t\t<h2 class=\"elementor-heading-title elementor-size-default\">Garanti, \u0130ptal ve \u0130ade Ko\u015fullar\u0131<\/h2>\t\t<\/div>\n\t\t\t\t<\/div>\n\t\t\t\t\t<\/div>\n\t\t<\/div>\n\t\t\t\t\t<\/div>\n\t\t<\/section>\n\t\t\t\t<section class=\"elementor-section elementor-top-section elementor-element elementor-element-238befcf elementor-section-boxed elementor-section-height-default elementor-section-height-default\" data-id=\"238befcf\" data-element_type=\"section\">\n\t\t\t\t\t\t<div class=\"elementor-container elementor-column-gap-default\">\n\t\t\t\t\t<div class=\"elementor-column elementor-col-100 elementor-top-column elementor-element elementor-element-7b235af0\" data-id=\"7b235af0\" data-element_type=\"column\">\n\t\t\t<div class=\"elementor-widget-wrap elementor-element-populated\">\n\t\t\t\t\t\t<div class=\"elementor-element elementor-element-6a34f134 elementor-widget elementor-widget-text-editor\" data-id=\"6a34f134\" data-element_type=\"widget\" data-widget_type=\"text-editor.default\">\n\t\t\t\t<div class=\"elementor-widget-container\">\n\t\t\t\t\t\t\t<h5>\u0130ptal ve \u0130\u015flemleri<\/h5>\n<p>\u2022 T\u00fcm kullan\u0131c\u0131lar VeduBox E\u011fitim Sistemini deneme olarak kullan\u0131rlar. Bu sayede sistemin ne oldu\u011fu, sunulan &nbsp;&nbsp;&nbsp;&nbsp;hizmetin hangi bile\u015fenlerden olu\u015ftu\u011fu ve sistemin i\u015fleyi\u015fi hakk\u0131nda kullan\u0131c\u0131n\u0131n bilgi sahibi olmas\u0131 &nbsp;&nbsp;&nbsp;&nbsp;sa\u011flanmaktad\u0131r.<\/p>\n<p>\u2022 VeduBox hizmetini sat\u0131n almaya karar vermi\u015f olan kullan\u0131c\u0131lar; deneme kullan\u0131m\u0131 yapm\u0131\u015f, sunulan hizmeti ve &nbsp;&nbsp;&nbsp;&nbsp;bu hizmeti olu\u015fturan bile\u015fenlerin ne oldu\u011funu anlam\u0131\u015f ve bu \u00fcr\u00fcn\u00fc (sistemi) be\u011fenmi\u015f demektir.<\/p>\n<p>\u2022 VeduBox\u2019dan yap\u0131lan al\u0131\u015f veri\u015f tamamen kullan\u0131c\u0131n\u0131n bilinci dahilinde ger\u00e7ekle\u015fen bir eylemdir.<\/p>\n<p>\u2022 Ayr\u0131ca VeduBox, Kullan\u0131m S\u00f6zle\u015fmesi maddelerinden herhangi birinde belirtilen kural\u0131n\/kurallar\u0131n ihlal &nbsp;&nbsp;&nbsp;&nbsp;edildi\u011fini g\u00f6rmesi durumunda kullan\u0131c\u0131n\u0131n sat\u0131n ald\u0131\u011f\u0131 hizmeti durdulabilir.<\/p>\n<p>\u2022&nbsp;VeduBox durdurulan hizmeti vermeme hakk\u0131na sahiptir. Bu nedenle sat\u0131n al\u0131nan ya da durdurulan &nbsp;&nbsp;&nbsp;&nbsp;paketlerin iptali veya iadesi s\u00f6z konusu de\u011fildir.<\/p>\n<h5>Garanti Ko\u015fullar\u0131<\/h5>\n<p>\u2022 VeduBox\u2019\u0131n kullan\u0131c\u0131s\u0131 olmaktan do\u011fan, do\u011frudan veya dolayl\u0131 olarak ortaya \u00e7\u0131kabilecek, nedensel veya &nbsp;&nbsp;&nbsp;&nbsp;tesad\u00fcf\u00ee gelir ve menfaat kay\u0131plar\u0131, i\u015fe zorunlu ara verilmesi, program veya di\u011fer verilerin kaybedilmesi gibi &nbsp;&nbsp;&nbsp;&nbsp;durumlardan VeduBox kesinlikle sorumlu tutulamaz.<\/p>\n<p>\u2022&nbsp;VeduBox oldu\u011fu \u015fekli ile kullan\u0131c\u0131ya sunulmu\u015f olup, yukar\u0131da bahsedilen durumlar\u0131n meydana<br>gelmeyece\u011fini veya i\u00e7eriklerin tam, do\u011fru ve kullan\u0131\u015fl\u0131 oldu\u011funu taahh\u00fct etmez.<\/p>\n<p>\u2022 Yine VeduBox hi\u00e7bir \u015feye ba\u011fl\u0131 olmaks\u0131z\u0131n i\u00e7eri\u011finin tamam\u0131n\u0131 veya bir k\u0131sm\u0131n\u0131 de\u011fi\u015ftirmeye, kald\u0131rmaya<br>veya yenisini eklemeye yetkilidir.<\/p>\t\t\t\t\t\t<\/div>\n\t\t\t\t<\/div>\n\t\t\t\t\t<\/div>\n\t\t<\/div>\n\t\t\t\t\t<\/div>\n\t\t<\/section>\n\t\t\t\t<\/div>\n\t\t","protected":false},"excerpt":{"rendered":"<p>Garanti, \u0130ptal ve \u0130ade Ko\u015fullar\u0131 \u0130ptal ve \u0130\u015flemleri \u2022 T\u00fcm kullan\u0131c\u0131lar VeduBox E\u011fitim Sistemini deneme olarak kullan\u0131rlar. Bu sayede sistemin ne oldu\u011fu, sunulan &nbsp;&nbsp;&nbsp;&nbsp;hizmetin hangi bile\u015fenlerden olu\u015ftu\u011fu ve sistemin i\u015fleyi\u015fi hakk\u0131nda kullan\u0131c\u0131n\u0131n bilgi sahibi olmas\u0131 &nbsp;&nbsp;&nbsp;&nbsp;sa\u011flanmaktad\u0131r. \u2022 VeduBox hizmetini sat\u0131n almaya karar vermi\u015f olan kullan\u0131c\u0131lar; deneme kullan\u0131m\u0131 yapm\u0131\u015f, sunulan hizmeti ve &nbsp;&nbsp;&nbsp;&nbsp;bu hizmeti olu\u015fturan bile\u015fenlerin [&hellip;]<\/p>\n","protected":false},"author":2,"featured_media":0,"parent":0,"menu_order":0,"comment_status":"closed","ping_status":"closed","template":"elementor_header_footer","meta":{"content-type":"","footnotes":""},"_links":{"self":[{"href":"https:\/\/event.vedubox.com\/tr\/wp-json\/wp\/v2\/pages\/2199"}],"collection":[{"href":"https:\/\/event.vedubox.com\/tr\/wp-json\/wp\/v2\/pages"}],"about":[{"href":"https:\/\/event.vedubox.com\/tr\/wp-json\/wp\/v2\/types\/page"}],"author":[{"embeddable":true,"href":"https:\/\/event.vedubox.com\/tr\/wp-json\/wp\/v2\/users\/2"}],"replies":[{"embeddable":true,"href":"https:\/\/event.vedubox.com\/tr\/wp-json\/wp\/v2\/comments?post=2199"}],"version-history":[{"count":4,"href":"https:\/\/event.vedubox.com\/tr\/wp-json\/wp\/v2\/pages\/2199\/revisions"}],"predecessor-version":[{"id":2206,"href":"https:\/\/event.vedubox.com\/tr\/wp-json\/wp\/v2\/pages\/2199\/revisions\/2206"}],"wp:attachment":[{"href":"https:\/\/event.vedubox.com\/tr\/wp-json\/wp\/v2\/media?parent=2199"}],"curies":[{"name":"wp","href":"https:\/\/api.w.org\/{rel}","templated":true}]}}